{"id":44,"date":"2019-01-22T16:32:38","date_gmt":"2019-01-22T15:32:38","guid":{"rendered":"http:\/\/smartfit-bike.fr\/?page_id=44"},"modified":"2019-01-22T18:14:33","modified_gmt":"2019-01-22T17:14:33","slug":"a-propo-de-smartfit-bike","status":"publish","type":"page","link":"http:\/\/smartfit-bike.fr\/?page_id=44","title":{"rendered":"A propos de SmartFit"},"content":{"rendered":"\n<p><\/p>\n\n\n<p><img class=\"aligncenter\" src=\"https:\/\/www.smartfit.bike\/wordpress\/wp-content\/uploads\/2019\/01\/Header_Smartfit_Produktion_klein.jpg\"><\/p>\n<h1 style=\"text-align: center;\">Le&nbsp; savoir-faire SmartFit<\/h1>\n<p>Smartfit est la marque de bikefitting de Radlabor GmbH. Radlabor GmbH tire ses origines du centre olympique de Fribourg en For\u00eat noire et de l\u2019Institut de sport de l\u2019Universit\u00e9 de Fribourg. Radlabor associe la comp\u00e9tence scientifique \u00e0 plusieurs ann\u00e9es d\u2019exp\u00e9rience pratique dans ses trois propres centres de service \u00e0 Fribourg, Munich et Francfort.<\/p>\n<p>Depuis 2003, les activit\u00e9s de recherche et d\u00e9veloppement de Radlabor se concentrent sur l\u2019analyse d\u00e9taill\u00e9e de la position assise du cycliste. De longues \u00e9tudes en laboratoire et sur le terrain ont cherch\u00e9 \u00e0 analyser la position assise sur les v\u00e9los au moyen de l\u2019\u00e9lectromyographie, des mesures de force de p\u00e9dalage, des enregistrements vid\u00e9o \u00e0 grande vitesse, etc. Gr\u00e2ce \u00e0 nos propres connaissances techniques et \u00e0 l\u2019\u00e9tat de la recherche au niveau international, nous avons d\u00e9velopp\u00e9 nos solutions de bike fitting, que ce soit pour le commerce sp\u00e9cialis\u00e9 de v\u00e9los ou pour tous les prestataires de bike fitting.<\/p>","protected":false},"excerpt":{"rendered":"<p>Le&nbsp; savoir-faire SmartFit Smartfit est la marque de bikefitting de Radlabor GmbH. Radlabor GmbH tire ses origines du centre olympique de Fribourg en For\u00eat noire et de l\u2019Institut de sport de l\u2019Universit\u00e9 de Fribourg. Radlabor associe la comp\u00e9tence scientifique \u00e0 plusieurs ann\u00e9es d\u2019exp\u00e9rience pratique dans ses trois propres centres de service \u00e0 Fribourg, Munich et [&hellip;]<\/p>\n","protected":false},"author":1,"featured_media":0,"parent":0,"menu_order":0,"comment_status":"closed","ping_status":"closed","template":"","meta":[],"_links":{"self":[{"href":"http:\/\/smartfit-bike.fr\/index.php?rest_route=\/wp\/v2\/pages\/44"}],"collection":[{"href":"http:\/\/smartfit-bike.fr\/index.php?rest_route=\/wp\/v2\/pages"}],"about":[{"href":"http:\/\/smartfit-bike.fr\/index.php?rest_route=\/wp\/v2\/types\/page"}],"author":[{"embeddable":true,"href":"http:\/\/smartfit-bike.fr\/index.php?rest_route=\/wp\/v2\/users\/1"}],"replies":[{"embeddable":true,"href":"http:\/\/smartfit-bike.fr\/index.php?rest_route=%2Fwp%2Fv2%2Fcomments&post=44"}],"version-history":[{"count":4,"href":"http:\/\/smartfit-bike.fr\/index.php?rest_route=\/wp\/v2\/pages\/44\/revisions"}],"predecessor-version":[{"id":68,"href":"http:\/\/smartfit-bike.fr\/index.php?rest_route=\/wp\/v2\/pages\/44\/revisions\/68"}],"wp:attachment":[{"href":"http:\/\/smartfit-bike.fr\/index.php?rest_route=%2Fwp%2Fv2%2Fmedia&parent=44"}],"curies":[{"name":"wp","href":"https:\/\/api.w.org\/{rel}","templated":true}]}}