{"id":69,"date":"2019-01-22T18:13:30","date_gmt":"2019-01-22T17:13:30","guid":{"rendered":"http:\/\/smartfit-bike.fr\/?page_id=69"},"modified":"2021-01-21T16:43:30","modified_gmt":"2021-01-21T15:43:30","slug":"pratiquants","status":"publish","type":"page","link":"http:\/\/smartfit-bike.fr\/?page_id=69","title":{"rendered":"Pratiquants"},"content":{"rendered":"\n<p><strong>Notre volont\u00e9<\/strong>\u00a0chez Greenmoow Smartfit Bike  est de rendre le\u00a0<strong>cyclisme<\/strong>\u00a0agr\u00e9able pour tous\u00a0.\u00a0Avec une position assise optimale, la connaissance de\u00a0<strong>vos<\/strong>\u00a0propres forces et des conseils professionnels,\u00a0<strong>vous aurez plus de plaisir<\/strong>  en vous d\u00e9pla\u00e7ant \u00e0 V\u00e9lo\u00a0.<\/p>\n\n\n\n<p>Aimeriez-vous faire du v\u00e9lo sans douleur?\u00a0Trouvez la position assise la plus confortable et la plus rapide?\u00a0Ou assurez-vous simplement avant d&rsquo;acheter que votre nouveau v\u00e9lo de r\u00eave vous va vraiment comme un gant?\u00a0Gr\u00e2ce aux outils d&rsquo;analyse innovants Smartfit, nous nous assurons que vous \u00eates mieux assis que jamais sur le v\u00e9lo.<\/p>\n\n\n\n<p>Nous assurons ce service pour tous les types de v\u00e9los.<\/p>\n\n\n\n<figure class=\"wp-block-image\"><img loading=\"lazy\" width=\"1024\" height=\"291\" src=\"http:\/\/smartfit-bike.fr\/wp-content\/uploads\/2019\/01\/Capture-smartfit-3-1024x291.jpg\" alt=\"\" class=\"wp-image-37\" srcset=\"http:\/\/smartfit-bike.fr\/wp-content\/uploads\/2019\/01\/Capture-smartfit-3-1024x291.jpg 1024w, http:\/\/smartfit-bike.fr\/wp-content\/uploads\/2019\/01\/Capture-smartfit-3-300x85.jpg 300w, http:\/\/smartfit-bike.fr\/wp-content\/uploads\/2019\/01\/Capture-smartfit-3-768x218.jpg 768w, http:\/\/smartfit-bike.fr\/wp-content\/uploads\/2019\/01\/Capture-smartfit-3-830x236.jpg 830w, http:\/\/smartfit-bike.fr\/wp-content\/uploads\/2019\/01\/Capture-smartfit-3-230x65.jpg 230w, http:\/\/smartfit-bike.fr\/wp-content\/uploads\/2019\/01\/Capture-smartfit-3-350x99.jpg 350w, http:\/\/smartfit-bike.fr\/wp-content\/uploads\/2019\/01\/Capture-smartfit-3-480x136.jpg 480w, http:\/\/smartfit-bike.fr\/wp-content\/uploads\/2019\/01\/Capture-smartfit-3.jpg 1282w\" sizes=\"(max-width: 1024px) 100vw, 1024px\" \/><\/figure>\n\n\n\n<figure class=\"wp-block-image size-large\"><img loading=\"lazy\" width=\"2560\" height=\"1441\" src=\"http:\/\/smartfit-bike.fr\/wp-content\/uploads\/2021\/01\/20210109_125135-edited-scaled.jpg\" alt=\"\" class=\"wp-image-128\" srcset=\"http:\/\/smartfit-bike.fr\/wp-content\/uploads\/2021\/01\/20210109_125135-edited-scaled.jpg 2560w, http:\/\/smartfit-bike.fr\/wp-content\/uploads\/2021\/01\/20210109_125135-edited-300x169.jpg 300w, http:\/\/smartfit-bike.fr\/wp-content\/uploads\/2021\/01\/20210109_125135-edited-1024x576.jpg 1024w, http:\/\/smartfit-bike.fr\/wp-content\/uploads\/2021\/01\/20210109_125135-edited-768x432.jpg 768w, http:\/\/smartfit-bike.fr\/wp-content\/uploads\/2021\/01\/20210109_125135-edited-1536x865.jpg 1536w, http:\/\/smartfit-bike.fr\/wp-content\/uploads\/2021\/01\/20210109_125135-edited-2048x1153.jpg 2048w, http:\/\/smartfit-bike.fr\/wp-content\/uploads\/2021\/01\/20210109_125135-edited-830x467.jpg 830w, http:\/\/smartfit-bike.fr\/wp-content\/uploads\/2021\/01\/20210109_125135-edited-230x129.jpg 230w, http:\/\/smartfit-bike.fr\/wp-content\/uploads\/2021\/01\/20210109_125135-edited-350x197.jpg 350w, http:\/\/smartfit-bike.fr\/wp-content\/uploads\/2021\/01\/20210109_125135-edited-480x270.jpg 480w\" sizes=\"(max-width: 2560px) 100vw, 2560px\" \/><\/figure>\n\n\n\n<h4 class=\"has-text-align-center\"><a href=\"\/\/greenmoow.com\/index.php\/centre-smartfit\/\" data-type=\"URL\" data-id=\"hhttp:\/\/greenmoow.com\/index.php\/centre-smartfit\/\" target=\"_blank\" rel=\"noreferrer noopener\">https:\/\/greenmoow.com\/index.php\/smartfit-bike\/<\/a> <br><\/h4>\n\n\n\n\n\n<p><\/p>\n","protected":false},"excerpt":{"rendered":"<p>Notre volont\u00e9\u00a0chez Greenmoow Smartfit Bike est de rendre le\u00a0cyclisme\u00a0agr\u00e9able pour tous\u00a0.\u00a0Avec une position assise optimale, la connaissance de\u00a0vos\u00a0propres forces et des conseils professionnels,\u00a0vous aurez plus de plaisir en vous d\u00e9pla\u00e7ant \u00e0 V\u00e9lo\u00a0. Aimeriez-vous faire du v\u00e9lo sans douleur?\u00a0Trouvez la position assise la plus confortable et la plus rapide?\u00a0Ou assurez-vous simplement avant d&rsquo;acheter que votre nouveau [&hellip;]<\/p>\n","protected":false},"author":1,"featured_media":0,"parent":0,"menu_order":0,"comment_status":"closed","ping_status":"closed","template":"","meta":[],"_links":{"self":[{"href":"http:\/\/smartfit-bike.fr\/index.php?rest_route=\/wp\/v2\/pages\/69"}],"collection":[{"href":"http:\/\/smartfit-bike.fr\/index.php?rest_route=\/wp\/v2\/pages"}],"about":[{"href":"http:\/\/smartfit-bike.fr\/index.php?rest_route=\/wp\/v2\/types\/page"}],"author":[{"embeddable":true,"href":"http:\/\/smartfit-bike.fr\/index.php?rest_route=\/wp\/v2\/users\/1"}],"replies":[{"embeddable":true,"href":"http:\/\/smartfit-bike.fr\/index.php?rest_route=%2Fwp%2Fv2%2Fcomments&post=69"}],"version-history":[{"count":7,"href":"http:\/\/smartfit-bike.fr\/index.php?rest_route=\/wp\/v2\/pages\/69\/revisions"}],"predecessor-version":[{"id":146,"href":"http:\/\/smartfit-bike.fr\/index.php?rest_route=\/wp\/v2\/pages\/69\/revisions\/146"}],"wp:attachment":[{"href":"http:\/\/smartfit-bike.fr\/index.php?rest_route=%2Fwp%2Fv2%2Fmedia&parent=69"}],"curies":[{"name":"wp","href":"https:\/\/api.w.org\/{rel}","templated":true}]}}