{"id":84,"date":"2019-01-22T18:23:03","date_gmt":"2019-01-22T17:23:03","guid":{"rendered":"http:\/\/smartfit-bike.fr\/?page_id=84"},"modified":"2021-01-21T16:34:54","modified_gmt":"2021-01-21T15:34:54","slug":"b-to-b","status":"publish","type":"page","link":"http:\/\/smartfit-bike.fr\/?page_id=84","title":{"rendered":"B to B"},"content":{"rendered":"\n<h2>Solutions Smartfit Bike SIZING et Bike FITTING<br>pour votre magasin.<\/h2>\n\n\n\n<p>Plus de ventes, meilleur service, clients plus satisfaits!<\/p>\n\n\n\n<p>&#8211; Conversion optimis\u00e9e gr\u00e2ce \u00e0 des recommandations de taille sp\u00e9cifiques au client et d\u00e9pendantes du mod\u00e8le<br><br>&#8211; conseils de vente neutres et scientifiquement fond\u00e9s<br><br>&#8211; base de donn\u00e9es constamment mise \u00e0 jour avec plus de 100 marques et 15000 mod\u00e8les de v\u00e9los<\/p>\n","protected":false},"excerpt":{"rendered":"<p>Solutions Smartfit Bike SIZING et Bike FITTINGpour votre magasin. Plus de ventes, meilleur service, clients plus satisfaits! &#8211; Conversion optimis\u00e9e gr\u00e2ce \u00e0 des recommandations de taille sp\u00e9cifiques au client et d\u00e9pendantes du mod\u00e8le &#8211; conseils de vente neutres et scientifiquement fond\u00e9s &#8211; base de donn\u00e9es constamment mise \u00e0 jour avec plus de 100 marques et [&hellip;]<\/p>\n","protected":false},"author":1,"featured_media":0,"parent":0,"menu_order":0,"comment_status":"closed","ping_status":"closed","template":"","meta":[],"_links":{"self":[{"href":"http:\/\/smartfit-bike.fr\/index.php?rest_route=\/wp\/v2\/pages\/84"}],"collection":[{"href":"http:\/\/smartfit-bike.fr\/index.php?rest_route=\/wp\/v2\/pages"}],"about":[{"href":"http:\/\/smartfit-bike.fr\/index.php?rest_route=\/wp\/v2\/types\/page"}],"author":[{"embeddable":true,"href":"http:\/\/smartfit-bike.fr\/index.php?rest_route=\/wp\/v2\/users\/1"}],"replies":[{"embeddable":true,"href":"http:\/\/smartfit-bike.fr\/index.php?rest_route=%2Fwp%2Fv2%2Fcomments&post=84"}],"version-history":[{"count":2,"href":"http:\/\/smartfit-bike.fr\/index.php?rest_route=\/wp\/v2\/pages\/84\/revisions"}],"predecessor-version":[{"id":144,"href":"http:\/\/smartfit-bike.fr\/index.php?rest_route=\/wp\/v2\/pages\/84\/revisions\/144"}],"wp:attachment":[{"href":"http:\/\/smartfit-bike.fr\/index.php?rest_route=%2Fwp%2Fv2%2Fmedia&parent=84"}],"curies":[{"name":"wp","href":"https:\/\/api.w.org\/{rel}","templated":true}]}}